{"id":8606,"date":"2024-04-29T17:58:17","date_gmt":"2024-04-29T17:58:17","guid":{"rendered":"https:\/\/rogers-centre.ca\/the-ultimate-planning-guide"},"modified":"2026-03-20T14:42:08","modified_gmt":"2026-03-20T14:42:08","slug":"le-guide-de-planification-ultime","status":"publish","type":"page","link":"https:\/\/rogers-centreottawa.ca\/fr\/le-guide-de-planification-ultime","title":{"rendered":"Le guide de planification ultime"},"content":{"rendered":"","protected":false},"excerpt":{"rendered":"","protected":false},"author":2,"featured_media":7076,"parent":0,"menu_order":0,"comment_status":"closed","ping_status":"closed","template":"templates\/page-pattern-library.php","meta":{"_acf_changed":false,"footnotes":""},"class_list":["post-8606","page","type-page","status-publish","has-post-thumbnail","hentry"],"acf":[],"yoast_head":"<!-- This site is optimized with the Yoast SEO plugin v27.2 - https:\/\/yoast.com\/product\/yoast-seo-wordpress\/ -->\n<title>Le guide de planification ultime | Centre Rogers Ottawa<\/title>\n<meta name=\"description\" content=\"Le Centre Rogers a mis \u00e0 votre disposition un guide de planification complet qui vous permettra de planifier votre prochain \u00e9v\u00e9nement.\" \/>\n<meta name=\"robots\" content=\"index, follow, max-snippet:-1, max-image-preview:large, max-video-preview:-1\" \/>\n<link rel=\"canonical\" href=\"https:\/\/rogers-centre.ca\/fr\/le-guide-de-planification-ultime\" \/>\n<meta property=\"og:locale\" content=\"fr_FR\" \/>\n<meta property=\"og:type\" content=\"article\" \/>\n<meta property=\"og:title\" content=\"Le guide de planification ultime | Centre Rogers Ottawa\" \/>\n<meta property=\"og:description\" content=\"Le Centre Rogers a mis \u00e0 votre disposition un guide de planification complet qui vous permettra de planifier votre prochain \u00e9v\u00e9nement.\" \/>\n<meta property=\"og:url\" content=\"https:\/\/rogers-centre.ca\/fr\/le-guide-de-planification-ultime\" \/>\n<meta property=\"og:site_name\" content=\"Centre Rogers Ottawa\" \/>\n<meta property=\"article:modified_time\" content=\"2026-03-20T14:42:08+00:00\" \/>\n<meta property=\"og:image\" content=\"https:\/\/rogers-centre.ca\/wp-content\/uploads\/2023\/12\/384560172_712179534284670_3854537121712177031_n-1.jpeg\" \/>\n\t<meta property=\"og:image:width\" content=\"2048\" \/>\n\t<meta property=\"og:image:height\" content=\"1365\" \/>\n\t<meta property=\"og:image:type\" content=\"image\/jpeg\" \/>\n<meta name=\"twitter:card\" content=\"summary_large_image\" \/>\n<script type=\"application\/ld+json\" class=\"yoast-schema-graph\">{\"@context\":\"https:\/\/schema.org\",\"@graph\":[{\"@type\":\"WebPage\",\"@id\":\"https:\/\/rogers-centre.ca\/fr\/le-guide-de-planification-ultime\",\"url\":\"https:\/\/rogers-centre.ca\/fr\/le-guide-de-planification-ultime\",\"name\":\"Le guide de planification ultime | Centre Rogers Ottawa\",\"isPartOf\":{\"@id\":\"https:\/\/rogers-centre.ca\/fr\/#website\"},\"primaryImageOfPage\":{\"@id\":\"https:\/\/rogers-centre.ca\/fr\/le-guide-de-planification-ultime#primaryimage\"},\"image\":{\"@id\":\"https:\/\/rogers-centre.ca\/fr\/le-guide-de-planification-ultime#primaryimage\"},\"thumbnailUrl\":\"https:\/\/rogers-centreottawa.ca\/wp-content\/uploads\/2023\/12\/384560172_712179534284670_3854537121712177031_n-1.jpeg\",\"datePublished\":\"2024-04-29T17:58:17+00:00\",\"dateModified\":\"2026-03-20T14:42:08+00:00\",\"description\":\"Le Centre Rogers a mis \u00e0 votre disposition un guide de planification complet qui vous permettra de planifier votre prochain \u00e9v\u00e9nement.\",\"breadcrumb\":{\"@id\":\"https:\/\/rogers-centre.ca\/fr\/le-guide-de-planification-ultime#breadcrumb\"},\"inLanguage\":\"fr-FR\",\"potentialAction\":[{\"@type\":\"ReadAction\",\"target\":[\"https:\/\/rogers-centre.ca\/fr\/le-guide-de-planification-ultime\"]}]},{\"@type\":\"ImageObject\",\"inLanguage\":\"fr-FR\",\"@id\":\"https:\/\/rogers-centre.ca\/fr\/le-guide-de-planification-ultime#primaryimage\",\"url\":\"https:\/\/rogers-centreottawa.ca\/wp-content\/uploads\/2023\/12\/384560172_712179534284670_3854537121712177031_n-1.jpeg\",\"contentUrl\":\"https:\/\/rogers-centreottawa.ca\/wp-content\/uploads\/2023\/12\/384560172_712179534284670_3854537121712177031_n-1.jpeg\",\"width\":2048,\"height\":1365},{\"@type\":\"BreadcrumbList\",\"@id\":\"https:\/\/rogers-centre.ca\/fr\/le-guide-de-planification-ultime#breadcrumb\",\"itemListElement\":[{\"@type\":\"ListItem\",\"position\":1,\"name\":\"Home\",\"item\":\"https:\/\/rogers-centre.ca\/fr\"},{\"@type\":\"ListItem\",\"position\":2,\"name\":\"Le guide de planification ultime\"}]},{\"@type\":\"WebSite\",\"@id\":\"https:\/\/rogers-centre.ca\/fr\/#website\",\"url\":\"https:\/\/rogers-centre.ca\/fr\/\",\"name\":\"Centre Rogers Ottawa\",\"description\":\"Welcome to Canada\u2019s Meeting Place in the Heart of Ottawa.\",\"potentialAction\":[{\"@type\":\"SearchAction\",\"target\":{\"@type\":\"EntryPoint\",\"urlTemplate\":\"https:\/\/rogers-centre.ca\/fr\/?s={search_term_string}\"},\"query-input\":{\"@type\":\"PropertyValueSpecification\",\"valueRequired\":true,\"valueName\":\"search_term_string\"}}],\"inLanguage\":\"fr-FR\"}]}<\/script>\n<!-- \/ Yoast SEO plugin. -->","yoast_head_json":{"title":"Le guide de planification ultime | Centre Rogers Ottawa","description":"Le Centre Rogers a mis \u00e0 votre disposition un guide de planification complet qui vous permettra de planifier votre prochain \u00e9v\u00e9nement.","robots":{"index":"index","follow":"follow","max-snippet":"max-snippet:-1","max-image-preview":"max-image-preview:large","max-video-preview":"max-video-preview:-1"},"canonical":"https:\/\/rogers-centre.ca\/fr\/le-guide-de-planification-ultime","og_locale":"fr_FR","og_type":"article","og_title":"Le guide de planification ultime | Centre Rogers Ottawa","og_description":"Le Centre Rogers a mis \u00e0 votre disposition un guide de planification complet qui vous permettra de planifier votre prochain \u00e9v\u00e9nement.","og_url":"https:\/\/rogers-centre.ca\/fr\/le-guide-de-planification-ultime","og_site_name":"Centre Rogers Ottawa","article_modified_time":"2026-03-20T14:42:08+00:00","og_image":[{"width":2048,"height":1365,"url":"https:\/\/rogers-centre.ca\/wp-content\/uploads\/2023\/12\/384560172_712179534284670_3854537121712177031_n-1.jpeg","type":"image\/jpeg"}],"twitter_card":"summary_large_image","schema":{"@context":"https:\/\/schema.org","@graph":[{"@type":"WebPage","@id":"https:\/\/rogers-centre.ca\/fr\/le-guide-de-planification-ultime","url":"https:\/\/rogers-centre.ca\/fr\/le-guide-de-planification-ultime","name":"Le guide de planification ultime | Centre Rogers Ottawa","isPartOf":{"@id":"https:\/\/rogers-centre.ca\/fr\/#website"},"primaryImageOfPage":{"@id":"https:\/\/rogers-centre.ca\/fr\/le-guide-de-planification-ultime#primaryimage"},"image":{"@id":"https:\/\/rogers-centre.ca\/fr\/le-guide-de-planification-ultime#primaryimage"},"thumbnailUrl":"https:\/\/rogers-centreottawa.ca\/wp-content\/uploads\/2023\/12\/384560172_712179534284670_3854537121712177031_n-1.jpeg","datePublished":"2024-04-29T17:58:17+00:00","dateModified":"2026-03-20T14:42:08+00:00","description":"Le Centre Rogers a mis \u00e0 votre disposition un guide de planification complet qui vous permettra de planifier votre prochain \u00e9v\u00e9nement.","breadcrumb":{"@id":"https:\/\/rogers-centre.ca\/fr\/le-guide-de-planification-ultime#breadcrumb"},"inLanguage":"fr-FR","potentialAction":[{"@type":"ReadAction","target":["https:\/\/rogers-centre.ca\/fr\/le-guide-de-planification-ultime"]}]},{"@type":"ImageObject","inLanguage":"fr-FR","@id":"https:\/\/rogers-centre.ca\/fr\/le-guide-de-planification-ultime#primaryimage","url":"https:\/\/rogers-centreottawa.ca\/wp-content\/uploads\/2023\/12\/384560172_712179534284670_3854537121712177031_n-1.jpeg","contentUrl":"https:\/\/rogers-centreottawa.ca\/wp-content\/uploads\/2023\/12\/384560172_712179534284670_3854537121712177031_n-1.jpeg","width":2048,"height":1365},{"@type":"BreadcrumbList","@id":"https:\/\/rogers-centre.ca\/fr\/le-guide-de-planification-ultime#breadcrumb","itemListElement":[{"@type":"ListItem","position":1,"name":"Home","item":"https:\/\/rogers-centre.ca\/fr"},{"@type":"ListItem","position":2,"name":"Le guide de planification ultime"}]},{"@type":"WebSite","@id":"https:\/\/rogers-centre.ca\/fr\/#website","url":"https:\/\/rogers-centre.ca\/fr\/","name":"Centre Rogers Ottawa","description":"Welcome to Canada\u2019s Meeting Place in the Heart of Ottawa.","potentialAction":[{"@type":"SearchAction","target":{"@type":"EntryPoint","urlTemplate":"https:\/\/rogers-centre.ca\/fr\/?s={search_term_string}"},"query-input":{"@type":"PropertyValueSpecification","valueRequired":true,"valueName":"search_term_string"}}],"inLanguage":"fr-FR"}]}},"_links":{"self":[{"href":"https:\/\/rogers-centreottawa.ca\/fr\/wp-json\/wp\/v2\/pages\/8606","targetHints":{"allow":["GET"]}}],"collection":[{"href":"https:\/\/rogers-centreottawa.ca\/fr\/wp-json\/wp\/v2\/pages"}],"about":[{"href":"https:\/\/rogers-centreottawa.ca\/fr\/wp-json\/wp\/v2\/types\/page"}],"author":[{"embeddable":true,"href":"https:\/\/rogers-centreottawa.ca\/fr\/wp-json\/wp\/v2\/users\/2"}],"replies":[{"embeddable":true,"href":"https:\/\/rogers-centreottawa.ca\/fr\/wp-json\/wp\/v2\/comments?post=8606"}],"version-history":[{"count":1,"href":"https:\/\/rogers-centreottawa.ca\/fr\/wp-json\/wp\/v2\/pages\/8606\/revisions"}],"predecessor-version":[{"id":11591,"href":"https:\/\/rogers-centreottawa.ca\/fr\/wp-json\/wp\/v2\/pages\/8606\/revisions\/11591"}],"wp:featuredmedia":[{"embeddable":true,"href":"https:\/\/rogers-centreottawa.ca\/fr\/wp-json\/wp\/v2\/media\/7076"}],"wp:attachment":[{"href":"https:\/\/rogers-centreottawa.ca\/fr\/wp-json\/wp\/v2\/media?parent=8606"}],"curies":[{"name":"wp","href":"https:\/\/api.w.org\/{rel}","templated":true}]}}