{"id":135,"date":"2023-01-27T03:55:45","date_gmt":"2023-01-27T03:55:45","guid":{"rendered":"https:\/\/rogers-centre.ca\/planners\/weddings"},"modified":"2026-01-06T17:09:12","modified_gmt":"2026-01-06T17:09:12","slug":"mariages","status":"publish","type":"page","link":"https:\/\/rogers-centreottawa.ca\/fr\/planificateurs\/mariages","title":{"rendered":"Mariages"},"content":{"rendered":"","protected":false},"excerpt":{"rendered":"","protected":false},"author":1,"featured_media":0,"parent":1917,"menu_order":0,"comment_status":"closed","ping_status":"closed","template":"templates\/page-pattern-library.php","meta":{"_acf_changed":false,"footnotes":""},"class_list":["post-135","page","type-page","status-publish","hentry"],"acf":[],"yoast_head":"<!-- This site is optimized with the Yoast SEO plugin v27.2 - https:\/\/yoast.com\/product\/yoast-seo-wordpress\/ -->\n<title>Site de mariage, Ottawa destination mariage | Centre Rogers Ottawa<\/title>\n<meta name=\"description\" content=\"Faites de vos r\u00eaves de mariage une r\u00e9alit\u00e9 au Centre Rogers Ottawa, le lieu de mariage par excellence et l&#039;endroit idyllique o\u00f9 se d\u00e9rouleront les mariages \u00e0 Ottawa.\" \/>\n<meta name=\"robots\" content=\"index, follow, max-snippet:-1, max-image-preview:large, max-video-preview:-1\" \/>\n<link rel=\"canonical\" href=\"https:\/\/rogers-centre.ca\/fr\/planificateurs\/mariages\" \/>\n<meta property=\"og:locale\" content=\"fr_FR\" \/>\n<meta property=\"og:type\" content=\"article\" \/>\n<meta property=\"og:title\" content=\"Site de mariage, Ottawa destination mariage | Centre Rogers Ottawa\" \/>\n<meta property=\"og:description\" content=\"Faites de vos r\u00eaves de mariage une r\u00e9alit\u00e9 au Centre Rogers Ottawa, le lieu de mariage par excellence et l&#039;endroit idyllique o\u00f9 se d\u00e9rouleront les mariages \u00e0 Ottawa.\" \/>\n<meta property=\"og:url\" content=\"https:\/\/rogers-centre.ca\/fr\/planificateurs\/mariages\" \/>\n<meta property=\"og:site_name\" content=\"Centre Rogers Ottawa\" \/>\n<meta property=\"article:modified_time\" content=\"2026-01-06T17:09:12+00:00\" \/>\n<meta name=\"twitter:card\" content=\"summary_large_image\" \/>\n<script type=\"application\/ld+json\" class=\"yoast-schema-graph\">{\"@context\":\"https:\/\/schema.org\",\"@graph\":[{\"@type\":\"WebPage\",\"@id\":\"https:\/\/rogers-centre.ca\/fr\/planificateurs\/mariages\",\"url\":\"https:\/\/rogers-centre.ca\/fr\/planificateurs\/mariages\",\"name\":\"Site de mariage, Ottawa destination mariage | Centre Rogers Ottawa\",\"isPartOf\":{\"@id\":\"https:\/\/rogers-centre.ca\/fr\/#website\"},\"datePublished\":\"2023-01-27T03:55:45+00:00\",\"dateModified\":\"2026-01-06T17:09:12+00:00\",\"description\":\"Faites de vos r\u00eaves de mariage une r\u00e9alit\u00e9 au Centre Rogers Ottawa, le lieu de mariage par excellence et l'endroit idyllique o\u00f9 se d\u00e9rouleront les mariages \u00e0 Ottawa.\",\"breadcrumb\":{\"@id\":\"https:\/\/rogers-centre.ca\/fr\/planificateurs\/mariages#breadcrumb\"},\"inLanguage\":\"fr-FR\",\"potentialAction\":[{\"@type\":\"ReadAction\",\"target\":[\"https:\/\/rogers-centre.ca\/fr\/planificateurs\/mariages\"]}]},{\"@type\":\"BreadcrumbList\",\"@id\":\"https:\/\/rogers-centre.ca\/fr\/planificateurs\/mariages#breadcrumb\",\"itemListElement\":[{\"@type\":\"ListItem\",\"position\":1,\"name\":\"Home\",\"item\":\"https:\/\/rogers-centre.ca\/fr\"},{\"@type\":\"ListItem\",\"position\":2,\"name\":\"Planificateurs\",\"item\":\"https:\/\/rogers-centre.ca\/fr\/planificateurs\"},{\"@type\":\"ListItem\",\"position\":3,\"name\":\"Mariages\"}]},{\"@type\":\"WebSite\",\"@id\":\"https:\/\/rogers-centre.ca\/fr\/#website\",\"url\":\"https:\/\/rogers-centre.ca\/fr\/\",\"name\":\"Centre Rogers Ottawa\",\"description\":\"Welcome to Canada\u2019s Meeting Place in the Heart of Ottawa.\",\"potentialAction\":[{\"@type\":\"SearchAction\",\"target\":{\"@type\":\"EntryPoint\",\"urlTemplate\":\"https:\/\/rogers-centre.ca\/fr\/?s={search_term_string}\"},\"query-input\":{\"@type\":\"PropertyValueSpecification\",\"valueRequired\":true,\"valueName\":\"search_term_string\"}}],\"inLanguage\":\"fr-FR\"}]}<\/script>\n<!-- \/ Yoast SEO plugin. -->","yoast_head_json":{"title":"Site de mariage, Ottawa destination mariage | Centre Rogers Ottawa","description":"Faites de vos r\u00eaves de mariage une r\u00e9alit\u00e9 au Centre Rogers Ottawa, le lieu de mariage par excellence et l'endroit idyllique o\u00f9 se d\u00e9rouleront les mariages \u00e0 Ottawa.","robots":{"index":"index","follow":"follow","max-snippet":"max-snippet:-1","max-image-preview":"max-image-preview:large","max-video-preview":"max-video-preview:-1"},"canonical":"https:\/\/rogers-centre.ca\/fr\/planificateurs\/mariages","og_locale":"fr_FR","og_type":"article","og_title":"Site de mariage, Ottawa destination mariage | Centre Rogers Ottawa","og_description":"Faites de vos r\u00eaves de mariage une r\u00e9alit\u00e9 au Centre Rogers Ottawa, le lieu de mariage par excellence et l'endroit idyllique o\u00f9 se d\u00e9rouleront les mariages \u00e0 Ottawa.","og_url":"https:\/\/rogers-centre.ca\/fr\/planificateurs\/mariages","og_site_name":"Centre Rogers Ottawa","article_modified_time":"2026-01-06T17:09:12+00:00","twitter_card":"summary_large_image","schema":{"@context":"https:\/\/schema.org","@graph":[{"@type":"WebPage","@id":"https:\/\/rogers-centre.ca\/fr\/planificateurs\/mariages","url":"https:\/\/rogers-centre.ca\/fr\/planificateurs\/mariages","name":"Site de mariage, Ottawa destination mariage | Centre Rogers Ottawa","isPartOf":{"@id":"https:\/\/rogers-centre.ca\/fr\/#website"},"datePublished":"2023-01-27T03:55:45+00:00","dateModified":"2026-01-06T17:09:12+00:00","description":"Faites de vos r\u00eaves de mariage une r\u00e9alit\u00e9 au Centre Rogers Ottawa, le lieu de mariage par excellence et l'endroit idyllique o\u00f9 se d\u00e9rouleront les mariages \u00e0 Ottawa.","breadcrumb":{"@id":"https:\/\/rogers-centre.ca\/fr\/planificateurs\/mariages#breadcrumb"},"inLanguage":"fr-FR","potentialAction":[{"@type":"ReadAction","target":["https:\/\/rogers-centre.ca\/fr\/planificateurs\/mariages"]}]},{"@type":"BreadcrumbList","@id":"https:\/\/rogers-centre.ca\/fr\/planificateurs\/mariages#breadcrumb","itemListElement":[{"@type":"ListItem","position":1,"name":"Home","item":"https:\/\/rogers-centre.ca\/fr"},{"@type":"ListItem","position":2,"name":"Planificateurs","item":"https:\/\/rogers-centre.ca\/fr\/planificateurs"},{"@type":"ListItem","position":3,"name":"Mariages"}]},{"@type":"WebSite","@id":"https:\/\/rogers-centre.ca\/fr\/#website","url":"https:\/\/rogers-centre.ca\/fr\/","name":"Centre Rogers Ottawa","description":"Welcome to Canada\u2019s Meeting Place in the Heart of Ottawa.","potentialAction":[{"@type":"SearchAction","target":{"@type":"EntryPoint","urlTemplate":"https:\/\/rogers-centre.ca\/fr\/?s={search_term_string}"},"query-input":{"@type":"PropertyValueSpecification","valueRequired":true,"valueName":"search_term_string"}}],"inLanguage":"fr-FR"}]}},"_links":{"self":[{"href":"https:\/\/rogers-centreottawa.ca\/fr\/wp-json\/wp\/v2\/pages\/135","targetHints":{"allow":["GET"]}}],"collection":[{"href":"https:\/\/rogers-centreottawa.ca\/fr\/wp-json\/wp\/v2\/pages"}],"about":[{"href":"https:\/\/rogers-centreottawa.ca\/fr\/wp-json\/wp\/v2\/types\/page"}],"author":[{"embeddable":true,"href":"https:\/\/rogers-centreottawa.ca\/fr\/wp-json\/wp\/v2\/users\/1"}],"replies":[{"embeddable":true,"href":"https:\/\/rogers-centreottawa.ca\/fr\/wp-json\/wp\/v2\/comments?post=135"}],"version-history":[{"count":6,"href":"https:\/\/rogers-centreottawa.ca\/fr\/wp-json\/wp\/v2\/pages\/135\/revisions"}],"predecessor-version":[{"id":11385,"href":"https:\/\/rogers-centreottawa.ca\/fr\/wp-json\/wp\/v2\/pages\/135\/revisions\/11385"}],"up":[{"embeddable":true,"href":"https:\/\/rogers-centreottawa.ca\/fr\/wp-json\/wp\/v2\/pages\/1917"}],"wp:attachment":[{"href":"https:\/\/rogers-centreottawa.ca\/fr\/wp-json\/wp\/v2\/media?parent=135"}],"curies":[{"name":"wp","href":"https:\/\/api.w.org\/{rel}","templated":true}]}}